{"id":206,"date":"2015-10-11T09:13:11","date_gmt":"2015-10-11T09:13:11","guid":{"rendered":"http:\/\/localhost:8888\/wordpress\/?page_id=206"},"modified":"2018-01-19T14:07:57","modified_gmt":"2018-01-19T14:07:57","slug":"spenden","status":"publish","type":"page","link":"https:\/\/canis-lupus-therapeuticus.de\/index.php\/spenden","title":{"rendered":"Spenden"},"content":{"rendered":"<p>Canis Lupus Therapeuticus e.V. freut sich \u00fcber jede Spende. Denn jede auch noch so kleine Zuwendung unterst\u00fctzt uns in der Arbeit f\u00fcr Menschen mit Behinderung, mit Kindern und mit Senioren.<\/p>\n<p>Mit Ihrer Spende leisten Sie einen wichtigen Beitrag zur Ausbildung von Servicehunden sowie zur Durchf\u00fchrung regelm\u00e4\u00dfiger Therapiebegleitungen und Besuchsdienste.<\/p>\n<p>Bitte \u00fcberweisen Sie Ihren Spendenbeitrag auf folgendes Konto:<\/p>\n<blockquote><p>Canis Lupus Therapeuticus e.V.<br \/>\nStichwort: Spende<br \/>\nSparkasse Heidelberg<br \/>\nIBAN: DE43 6725 0020 0009 2694 28<br \/>\nBIC:\u00a0SOLADES1HDB<\/p><\/blockquote>\n<p>Ihre Spende ist steuerlich abzugsf\u00e4hig. Auf Wunsch erhalten Sie von Canis Lupus Therapeuticus e.V. eine Spendenbescheinigung, die Sie bei Ihrer Steuererkl\u00e4rung geltend machen k\u00f6nnen. Bitte schicken Sie uns eine Email mit der Angabe ihrer Adresse, des gespendeten Betrages, des \u00dcberweisungsdatums und dem Betreff: Spende, an info@canis-lupus-therapeuticus.de<\/p>\n<p><strong>Vielen Dank f\u00fcr Ihre Unterst\u00fctzung!<\/strong><\/p>\n","protected":false},"excerpt":{"rendered":"<p>Canis Lupus Therapeuticus e.V. freut sich \u00fcber jede Spende. Denn jede auch noch so kleine Zuwendung unterst\u00fctzt uns in der Arbeit f\u00fcr Menschen mit Behinderung, mit Kindern und mit Senioren. Mit Ihrer Spende leisten Sie einen wichtigen Beitrag zur Ausbildung von Servicehunden sowie zur Durchf\u00fchrung regelm\u00e4\u00dfiger Therapiebegleitungen und Besuchsdienste. Bitte \u00fcberweisen Sie Ihren Spendenbeitrag auf [&hellip;]<\/p>\n","protected":false},"author":1,"featured_media":0,"parent":0,"menu_order":5000,"comment_status":"closed","ping_status":"closed","template":"","meta":{"_mc_calendar":[]},"_links":{"self":[{"href":"https:\/\/canis-lupus-therapeuticus.de\/index.php\/wp-json\/wp\/v2\/pages\/206"}],"collection":[{"href":"https:\/\/canis-lupus-therapeuticus.de\/index.php\/wp-json\/wp\/v2\/pages"}],"about":[{"href":"https:\/\/canis-lupus-therapeuticus.de\/index.php\/wp-json\/wp\/v2\/types\/page"}],"author":[{"embeddable":true,"href":"https:\/\/canis-lupus-therapeuticus.de\/index.php\/wp-json\/wp\/v2\/users\/1"}],"replies":[{"embeddable":true,"href":"https:\/\/canis-lupus-therapeuticus.de\/index.php\/wp-json\/wp\/v2\/comments?post=206"}],"version-history":[{"count":4,"href":"https:\/\/canis-lupus-therapeuticus.de\/index.php\/wp-json\/wp\/v2\/pages\/206\/revisions"}],"predecessor-version":[{"id":567,"href":"https:\/\/canis-lupus-therapeuticus.de\/index.php\/wp-json\/wp\/v2\/pages\/206\/revisions\/567"}],"wp:attachment":[{"href":"https:\/\/canis-lupus-therapeuticus.de\/index.php\/wp-json\/wp\/v2\/media?parent=206"}],"curies":[{"name":"wp","href":"https:\/\/api.w.org\/{rel}","templated":true}]}}