{"id":31,"date":"2015-02-16T06:22:56","date_gmt":"2015-02-16T06:22:56","guid":{"rendered":"http:\/\/localhost:8888\/wordpress\/?page_id=31"},"modified":"2015-02-16T06:22:56","modified_gmt":"2015-02-16T06:22:56","slug":"einsatzmoeglichkeiten-2","status":"publish","type":"page","link":"https:\/\/canis-lupus-therapeuticus.de\/index.php\/servicehund\/einsatzmoeglichkeiten-2","title":{"rendered":"Einsatzm\u00f6glichkeiten"},"content":{"rendered":"<div class=\"fusion-menu-anchor\" id=\"Einsatzmoeglichkeiten_Text\"><\/div>Die Tiergest\u00fctzte Intervention kann fast \u00fcberall zum Einsatz kommen. Grunds\u00e4tzlich unterscheidet man Tiergest\u00fczte P\u00e4dagogik, also den Einsatz im Schulbereich; die Tiergest\u00fctzte Therapie, den Einsatz als begleitender Co-Therapeut in medizinischen Therapien; regelm\u00e4\u00dfige Besuchsdienste in sozialen Einrichtungen, vor allem in Senioren- und Pflege-Einrichtungen.\n","protected":false},"excerpt":{"rendered":"","protected":false},"author":1,"featured_media":0,"parent":61,"menu_order":3100,"comment_status":"open","ping_status":"open","template":"","meta":{"_mc_calendar":[]},"_links":{"self":[{"href":"https:\/\/canis-lupus-therapeuticus.de\/index.php\/wp-json\/wp\/v2\/pages\/31"}],"collection":[{"href":"https:\/\/canis-lupus-therapeuticus.de\/index.php\/wp-json\/wp\/v2\/pages"}],"about":[{"href":"https:\/\/canis-lupus-therapeuticus.de\/index.php\/wp-json\/wp\/v2\/types\/page"}],"author":[{"embeddable":true,"href":"https:\/\/canis-lupus-therapeuticus.de\/index.php\/wp-json\/wp\/v2\/users\/1"}],"replies":[{"embeddable":true,"href":"https:\/\/canis-lupus-therapeuticus.de\/index.php\/wp-json\/wp\/v2\/comments?post=31"}],"version-history":[{"count":0,"href":"https:\/\/canis-lupus-therapeuticus.de\/index.php\/wp-json\/wp\/v2\/pages\/31\/revisions"}],"up":[{"embeddable":true,"href":"https:\/\/canis-lupus-therapeuticus.de\/index.php\/wp-json\/wp\/v2\/pages\/61"}],"wp:attachment":[{"href":"https:\/\/canis-lupus-therapeuticus.de\/index.php\/wp-json\/wp\/v2\/media?parent=31"}],"curies":[{"name":"wp","href":"https:\/\/api.w.org\/{rel}","templated":true}]}}