{"id":51,"date":"2015-06-09T08:44:04","date_gmt":"2015-06-09T08:44:04","guid":{"rendered":"http:\/\/localhost:8888\/wordpress\/?page_id=51"},"modified":"2023-05-24T15:26:14","modified_gmt":"2023-05-24T13:26:14","slug":"therapiehund","status":"publish","type":"page","link":"https:\/\/canis-lupus-therapeuticus.de\/index.php\/therapiehund","title":{"rendered":"Therapiehund"},"content":{"rendered":"<div class=\"fusion-menu-anchor\" id=\"Therapiehund_Text\"><\/div>\n<p><strong>Ausbildung Therapiehund<\/strong><\/p>\n<p><u>Begriffskl\u00e4rung \u201eTherapiehund\u201c<\/u><\/p>\n<p>Therapiehunde sind besonders gut sozialisierte, ausgeglichene Tiere, die auf die speziellen Anforderungen in Praxis, Schule oder Heimen durch intensives Training vorbereitet werden. So sind sie in der Lage mit dem Stress, die intensive Begegnungen zwischen Mensch und Tier mit sich bringen, besser umzugehen. Bei der gemeinsamen Arbeit spielt auch das bedingungslose gegenseitige Vertrauen zwischen Hund und Hundehalter eine entscheidende Rolle. Auch dieses Vertrauen muss vor Beginn regelm\u00e4\u00dfiger gemeinsamer Eins\u00e4tze erarbeitet und geschult werden.<\/p>\n<p><u>Ausbildungsvoraussetzungen Hund<\/u><\/p>\n<p>Bei Absolvierung des Eignungstests sollte ihr Hund nicht j\u00fcnger als 12 Monate sein, die Abschlusspr\u00fcfung wird in der Regel mit 2 Jahren abgelegt.<\/p>\n<p>Herdenschutzhunde sowie Listenhunde schlie\u00dfen wir nicht von vornherein aus, sondern testen diese intensiv auf ihre Eignung. Bei Listenhunden ist das gemeinsame, sichere und vertrauenerweckende Auftreten des Teams von immenser Bedeutung.<\/p>\n<p>Ihr Hund ist gesund, haftpflichtversichert und geimpft.<\/p>\n<p>Hunde mit k\u00f6rperlichen Einschr\u00e4nkungen sind nicht ausgeschlossen, sofern sie den Anforderungen ihres zuk\u00fcnftigen Einsatzgebietes gewachsen sind. Selbstverst\u00e4ndlich sind Sie als Besitzer um besondere Sorgfalt bem\u00fcht.<\/p>\n<p>Ein Therapiehund ben\u00f6tigt zur Ausbildung verschiedene Voraussetzungen bez\u00fcglich seines Charakters, seiner Gesundheit und seines Ausbildungstandes:<\/p>\n<p>Sein Charakter muss ein freundliches, offenes Wesen beinhalten. Fremden Menschen muss er unbefangen begegnen k\u00f6nnen, sich ber\u00fchren, anfassen und streicheln lassen und er darf nicht unkontrolliert st\u00fcrmisch sein. Gelassenheit sollte er zeigen gegen\u00fcber Umweltreizen wie L\u00e4rm, Ger\u00fcche und fremder\/ungewohnter Umgebung. Beispiele sind enge R\u00e4ume, starker Stra\u00dfenverkehr, Menschenmengen \u2026. Auch \u00fcberraschende Reize, wie das Zuknallen einer T\u00fcr, ein lauter Schrei soll er gut bew\u00e4ltigen k\u00f6nnen. Er darf dabei zusammenzucken, zur\u00fcckweichen oder auch kurz bellen.<\/p>\n<p>Ein Hund, der Nervosit\u00e4t, \u00c4ngstlichkeit, Hyperaktivit\u00e4t, Schutztrieb oder gar Aggressivit\u00e4t zeigt, ist f\u00fcr die Ausbildung ungeeignet. Auch st\u00e4ndiges Bellen, Kl\u00e4ffen, Jaulen oder Winseln, das sich nicht unterbinden l\u00e4sst, ist ein Ausschlusskriterium.<\/p>\n<p>Seine Gesundheit steht im Vordergrund. Hunde mit chronischen Erkrankungen wie Epilepsie, schweren Allergien oder Erkrankungen, die mit st\u00e4ndigen oder schubweisen Schmerzen einhergehen, wie z. B. schwere ED, schwere HD oder in Kombination sind f\u00fcr die Ausbildung nicht geeignet. Deshalb wird auch ein tier\u00e4rztliches Gesundheitszeugnis gefordert.<\/p>\n<p>Einen sehr guten Grundgehorsam muss er schon erlernt haben, dazu geh\u00f6rt z. B. gelassen bleiben bei vorbeigehenden Passanten, laufenden Joggern, fahrenden Autos &#8230; Ihr Hund muss Ihnen stets vertrauen und sich bei Ihnen sicher f\u00fchlen. Folgende Fragen sollen Sie dazu mit &#8218;ja&#8216; beantworten k\u00f6nnen:<\/p>\n<p>Kann mein Hund, ohne zu ziehen, in die Leine zu bei\u00dfen, hochzuspringen, auch im flotten Schritt oder Laufschritt mit mir gehen?<\/p>\n<p>Kann ich an lockerer Leine mit meinem Hund an Passanten vorbeigehen?<\/p>\n<p>Ist mein Hund ohne Leine im Freilauf abrufbar?<\/p>\n<p>Kann mein Hund &#8218;Sitz&#8216; und &#8218;Platz&#8216;?<\/p>\n<p>Bleibt mein Hund sitzen oder am Platz, wenn ich mich ca. 10 Meter von ihm entferne und stehen bleibe?<\/p>\n<p>Bleibt mein Hund ruhig neben mir sitzen oder stehen, wenn ich einen anderen Passanten mit Hund begr\u00fc\u00dfe?<\/p>\n<p>Kann ich mit meinem Hund, ohne dass er bellt oder knurrt, an einem anderen Hund an der Leine vorbeigehen?<\/p>\n<p>Nimmt mein Hund sein Spielzeug aus meiner Hand, ohne dass er mich anspringt und gibt es auf Kommando in meine Hand zur\u00fcck?<\/p>\n<p>Bleibt mein Hund ruhig und gelassen bei unerwarteten Ger\u00e4uschen (M\u00fclleimerdeckel f\u00e4llt zu) oder optischem Reiz (gro\u00dfe Plastikt\u00fcte flattert im Wind)? Ein kurzes Zusammenzucken, Bellen oder zur Seite springen ist erlaubt. Er soll keine Panik zeigen, wie Flucht oder Aggression.<\/p>\n<p>Kann mein Hund ohne an der Leine zu ziehen neben einem Kinderwagen oder geschobenen Fahrrad herlaufen?<\/p>\n<p><u>Ausbildungsvoraussetzungen Mensch<\/u><\/p>\n<p>Sie als Hundebesitzer sollten eine abgeschlossene Berufsausbildung\/Studium in einem pflegerischen, therapeutischen, p\u00e4dagogischen oder erzieherischen Bereich mit Berufserfahrung besitzen. Gesundheitlich und psychisch sollten sie stabil sein, dass Sie in ihrem Beruf arbeitsf\u00e4hig sind. Sie m\u00fcssen den Hund selbst erzogen und\/oder ausgebildet haben. Sie arbeiten gerne mit Menschen zusammen und lieben ihren Beruf. Sie haben Zeit mit Ihrem Hund regelm\u00e4\u00dfig und f\u00fcr ihn angemessen spazieren zu gehen, er lebt mit Ihnen in Ihrer Familie und sie nehmen ihn mit in Urlaub\u00a0&#8230;<\/p>\n<p>Eine Therapiehunde- und Schulhundeausbildung richtet sich prim\u00e4r an Interessenten, die ihren Hund in der p\u00e4dagogischen, pflegerischen oder therapeutischen Arbeit f\u00fcr die Patienten, Klienten oder Kinder therapeutisch einsetzen wollen. Die artgerechten Bed\u00fcrfnisse des Hundes m\u00fcssen dabei ber\u00fccksichtigt werden.<\/p>\n<p>Aufgrund der Vielzahl der Anfragen haben wir ein Bewerbungsverfahren f\u00fcr den Eignungstest eingef\u00fchrt. Mensch-Hunde-Teams, die bereits eine Begleithunde-Pr\u00fcfung oder eine Hundef\u00fchrerschein-Pr\u00fcfung abgelegt haben oder mit ihrem Hund schon l\u00e4nger gemeinsam arbeiten, haben eine gr\u00f6\u00dfere Chance auf eine Ausbildungszulassung.<\/p>\n<p><u>Ausbildungsinhalte<\/u><\/p>\n<p>Derzeit umfasst die Ausbildung zum Therapiebegleithunde-Team 8 Wochenenden.<\/p>\n<p>Zur Ausbildung geh\u00f6ren praxisorientierte praktische \u00dcbungen in Einzel- und Gruppensituationen, Vortr\u00e4ge aus den Bereichen, P\u00e4dagogik, Psychologie, Medizin, Veterin\u00e4rmedizin, Hundehaltung, Lernverhalten des Hundes, sowie Exkursionen. Am Ende der Ausbildung steht eine dreiteilige Pr\u00fcfung (Theorie und Praxis).<\/p>\n<p>Das Erlernen des Grundgehorsams geh\u00f6rt nicht zum Umfang der Ausbildung.<\/p>\n<blockquote><p>Alle Seminare werden von Experten der jeweiligen Fachrichtung geleitet.<\/p><\/blockquote>\n\n","protected":false},"excerpt":{"rendered":"","protected":false},"author":1,"featured_media":0,"parent":0,"menu_order":2000,"comment_status":"open","ping_status":"open","template":"","meta":{"_mc_calendar":[]},"_links":{"self":[{"href":"https:\/\/canis-lupus-therapeuticus.de\/index.php\/wp-json\/wp\/v2\/pages\/51"}],"collection":[{"href":"https:\/\/canis-lupus-therapeuticus.de\/index.php\/wp-json\/wp\/v2\/pages"}],"about":[{"href":"https:\/\/canis-lupus-therapeuticus.de\/index.php\/wp-json\/wp\/v2\/types\/page"}],"author":[{"embeddable":true,"href":"https:\/\/canis-lupus-therapeuticus.de\/index.php\/wp-json\/wp\/v2\/users\/1"}],"replies":[{"embeddable":true,"href":"https:\/\/canis-lupus-therapeuticus.de\/index.php\/wp-json\/wp\/v2\/comments?post=51"}],"version-history":[{"count":40,"href":"https:\/\/canis-lupus-therapeuticus.de\/index.php\/wp-json\/wp\/v2\/pages\/51\/revisions"}],"predecessor-version":[{"id":907,"href":"https:\/\/canis-lupus-therapeuticus.de\/index.php\/wp-json\/wp\/v2\/pages\/51\/revisions\/907"}],"wp:attachment":[{"href":"https:\/\/canis-lupus-therapeuticus.de\/index.php\/wp-json\/wp\/v2\/media?parent=51"}],"curies":[{"name":"wp","href":"https:\/\/api.w.org\/{rel}","templated":true}]}}