{"id":61,"date":"2015-06-09T09:38:13","date_gmt":"2015-06-09T09:38:13","guid":{"rendered":"http:\/\/localhost:8888\/wordpress\/?page_id=61"},"modified":"2023-05-16T12:39:25","modified_gmt":"2023-05-16T10:39:25","slug":"servicehund","status":"publish","type":"page","link":"https:\/\/canis-lupus-therapeuticus.de\/index.php\/servicehund","title":{"rendered":"Servicehund"},"content":{"rendered":"<div class=\"fusion-menu-anchor\" id=\"Servicehund_Text\"><\/div>Das Einsatzgebiet von Service- oder Assistenzhunden ist vielf\u00e4ltig. Polizei-, Such-, Rettungs- oder Blindenf\u00fchrhunde kennen Sie sicher.<\/p>\n<p>Unsere Hunde k\u00f6nnen aber noch viel mehr. Sie warnen ihre Besitzer vor drohenden Anf\u00e4llen, Unterzucker-Zust\u00e4nden, machen H\u00f6rbehinderte auf antrainierte Ger\u00e4usche wie die T\u00fcrklingel aufmerksam, sie heben heruntergefallene Gegenst\u00e4nde auf, \u00f6ffnen T\u00fcren, helfen beim Anziehen, beim Einkaufen, r\u00e4umen die Waschmaschine aus und vieles mehr, und erm\u00f6glichen so ihrem Besitzer ein selbst\u00e4ndigeres, selbstbestimmtes Leben.<\/p>\n<p>Die Ausbildung zum <strong>Servicehund f\u00fcr Mobilit\u00e4tsbehinderte<\/strong>\u00a0findet bei CLT e.V. auf dem Weg der\u00a0begleiteten Selbstausbildung Ihres Hundes durch erfahrene Trainer statt.<\/p>\n<blockquote><p><strong>Die Finanzierung erfolgt spendenbasiert und dient ausschlie\u00dflich der Kostendeckung.<\/strong><\/p><\/blockquote>\n<p>N\u00e4here Informationen erhalten Sie bei \u00fcber unser B\u00fcro.<\/p>\n<p>Per\u00a0Mail\u00a0:\u00a0<a href=\"info@canis-lupus-therapeuticus.de\">info@canis-lupus-therapeuticus.de<\/a><\/p>\n<p>F\u00fcr alle anderen Assistenzhunde-Ausbildungen stellen wir gerne Kontakte zu geeigneten Ausbildern bzw. Institutionen her.\n","protected":false},"excerpt":{"rendered":"","protected":false},"author":1,"featured_media":0,"parent":0,"menu_order":3000,"comment_status":"open","ping_status":"open","template":"","meta":{"_mc_calendar":[]},"_links":{"self":[{"href":"https:\/\/canis-lupus-therapeuticus.de\/index.php\/wp-json\/wp\/v2\/pages\/61"}],"collection":[{"href":"https:\/\/canis-lupus-therapeuticus.de\/index.php\/wp-json\/wp\/v2\/pages"}],"about":[{"href":"https:\/\/canis-lupus-therapeuticus.de\/index.php\/wp-json\/wp\/v2\/types\/page"}],"author":[{"embeddable":true,"href":"https:\/\/canis-lupus-therapeuticus.de\/index.php\/wp-json\/wp\/v2\/users\/1"}],"replies":[{"embeddable":true,"href":"https:\/\/canis-lupus-therapeuticus.de\/index.php\/wp-json\/wp\/v2\/comments?post=61"}],"version-history":[{"count":4,"href":"https:\/\/canis-lupus-therapeuticus.de\/index.php\/wp-json\/wp\/v2\/pages\/61\/revisions"}],"predecessor-version":[{"id":901,"href":"https:\/\/canis-lupus-therapeuticus.de\/index.php\/wp-json\/wp\/v2\/pages\/61\/revisions\/901"}],"wp:attachment":[{"href":"https:\/\/canis-lupus-therapeuticus.de\/index.php\/wp-json\/wp\/v2\/media?parent=61"}],"curies":[{"name":"wp","href":"https:\/\/api.w.org\/{rel}","templated":true}]}}