{"id":66,"date":"2015-06-09T10:02:29","date_gmt":"2015-06-09T10:02:29","guid":{"rendered":"http:\/\/localhost:8888\/wordpress\/?page_id=66"},"modified":"2023-05-16T08:46:35","modified_gmt":"2023-05-16T06:46:35","slug":"teamanfragen","status":"publish","type":"page","link":"https:\/\/canis-lupus-therapeuticus.de\/index.php\/teamanfragen","title":{"rendered":"Teamanfragen"},"content":{"rendered":"<strong>Teamanfragen von sozialen Einrichtungen<\/strong><\/p>\n<p>Sie arbeiten in einer medizinischen, sozialen oder p\u00e4dagogischen Einrichtung und haben Interesse am Einsatz eines Teams, das Tiergest\u00fctzte Interventionsma\u00dfnahmen (einzeln oder Gruppe) durchf\u00fchrt?<\/p>\n<blockquote>\n<p style=\"background: white; margin: 0cm 0cm 15.0pt 0cm;\"><i><span style=\"font-size: 10pt; font-family: 'PT Sans', sans-serif; background: #f6f6f6;\">Schreiben Sie uns eine Mail.\u00a0Wir vermitteln Ihnen gerne eines oder mehrere unserer ausgebildeten Teams und helfen Ihnen gerne, einen regelm\u00e4\u00dfigen Besuchsdienst aufzubauen.<\/span><\/i><\/p>\n<\/blockquote>\n\n","protected":false},"excerpt":{"rendered":"","protected":false},"author":1,"featured_media":0,"parent":0,"menu_order":4000,"comment_status":"open","ping_status":"open","template":"","meta":{"_mc_calendar":[]},"_links":{"self":[{"href":"https:\/\/canis-lupus-therapeuticus.de\/index.php\/wp-json\/wp\/v2\/pages\/66"}],"collection":[{"href":"https:\/\/canis-lupus-therapeuticus.de\/index.php\/wp-json\/wp\/v2\/pages"}],"about":[{"href":"https:\/\/canis-lupus-therapeuticus.de\/index.php\/wp-json\/wp\/v2\/types\/page"}],"author":[{"embeddable":true,"href":"https:\/\/canis-lupus-therapeuticus.de\/index.php\/wp-json\/wp\/v2\/users\/1"}],"replies":[{"embeddable":true,"href":"https:\/\/canis-lupus-therapeuticus.de\/index.php\/wp-json\/wp\/v2\/comments?post=66"}],"version-history":[{"count":5,"href":"https:\/\/canis-lupus-therapeuticus.de\/index.php\/wp-json\/wp\/v2\/pages\/66\/revisions"}],"predecessor-version":[{"id":899,"href":"https:\/\/canis-lupus-therapeuticus.de\/index.php\/wp-json\/wp\/v2\/pages\/66\/revisions\/899"}],"wp:attachment":[{"href":"https:\/\/canis-lupus-therapeuticus.de\/index.php\/wp-json\/wp\/v2\/media?parent=66"}],"curies":[{"name":"wp","href":"https:\/\/api.w.org\/{rel}","templated":true}]}}